{"id":4971,"date":"2016-08-22T22:34:26","date_gmt":"2016-08-22T20:34:26","guid":{"rendered":"http:\/\/darcyenjune.nl\/?page_id=4971"},"modified":"2016-12-08T22:05:59","modified_gmt":"2016-12-08T21:05:59","slug":"oefendag-sjp-2016-blaine","status":"publish","type":"page","link":"https:\/\/darcyenjune.nl\/?page_id=4971","title":{"rendered":"Oefendag SJP 2016 Blaine"},"content":{"rendered":"<h2>Zaterdag 6 augustus<\/h2>\n<p>Ho<img decoding=\"async\" loading=\"lazy\" class=\"alignleft size-medium wp-image-5540\" src=\"http:\/\/darcyenjune.nl\/wp-content\/uploads\/2016\/08\/sized_009-Oefendag-2016-MJO_8571-b-450x308.jpg\" alt=\"\" width=\"450\" height=\"308\" srcset=\"https:\/\/darcyenjune.nl\/wp-content\/uploads\/2016\/08\/sized_009-Oefendag-2016-MJO_8571-b-450x308.jpg 450w, https:\/\/darcyenjune.nl\/wp-content\/uploads\/2016\/08\/sized_009-Oefendag-2016-MJO_8571-b-548x375.jpg 548w, https:\/\/darcyenjune.nl\/wp-content\/uploads\/2016\/08\/sized_009-Oefendag-2016-MJO_8571-b.jpg 600w\" sizes=\"(max-width: 450px) 100vw, 450px\" \/>e staat Blaine ervoor? Ik heb voor \u00e9\u00e9n KNJV proef ingeschreven, kan ze het aan of niet? Dit is de ideale dag om dat te testen. Ook is het goed voor Blaine om kennis te maken met zo&#8217;n groep jachtlui, het schieten, vreemde mensen, honden en omgeving. Dit alles is een enorme ervaring voor d<br \/>\ne jonge hond die Blaine is. Ik merk meteen al dat ze totaal niet onder de indruk is, h\u00e9 grijze honden denkt ze, leuk. Maar ze zijn niet allemaal leuk, ze kunnen best een snauw krijgen, van \u00e9\u00e9n teef heeft ze dat gehad. Ik vraag me ook af of ik Blaine van te voren goed moet uitlaten? Bij Maddy e<br \/>\nn June was dat niet echt nodig. Bij Blaine wel hoor, zo vol met energie! En wat denk je dat het eerste onderdeel is? Aangelijnd en los volgen, druk vol energie en dan volgen.<\/p>\n<h4>Vriendin<\/h4>\n<p>Leuk Nicole en Noah zijn er ook, No<br \/>\nah is bijna 3 jaar en Nicole wil graag een B-diploma halen. Ze heeft er voor gezorgd dat ik nu bij Nicole in de groep zit, des te leuker. Het nichtje van Nicole komt oo<img decoding=\"async\" loading=\"lazy\" class=\"alignright size-medium wp-image-5534\" src=\"http:\/\/darcyenjune.nl\/wp-content\/uploads\/2016\/08\/sized_010-Oefendag-2016-MJO_8576-b-450x308.jpg\" alt=\"\" width=\"450\" height=\"308\" srcset=\"https:\/\/darcyenjune.nl\/wp-content\/uploads\/2016\/08\/sized_010-Oefendag-2016-MJO_8576-b-450x308.jpg 450w, https:\/\/darcyenjune.nl\/wp-content\/uploads\/2016\/08\/sized_010-Oefendag-2016-MJO_8576-b-548x375.jpg 548w, https:\/\/darcyenjune.nl\/wp-content\/uploads\/2016\/08\/sized_010-Oefendag-2016-MJO_8576-b.jpg 600w\" sizes=\"(max-width: 450px) 100vw, 450px\" \/>k even kijken met haar Weimaraner pupje, wat een lieverd en zo rustig!<\/p>\n<h4>Volgen<\/h4>\n<p>Oh wat een energie heeft Blaine, ik heb haar niet uitgelaten vanmorgen en dat wordt me nu bestraft. Ik begin met volgen en het gras wordt helemaal besnuffelt<br \/>\n, ik corrigeer te veel en praat te veel. Worst, mijn stem, niets helpt. Nu moet ik haar losmaken en weer hetzelfde parcours lopen voor het los volgen. Een achtje wil zeggen: een stok in het midden, het beginpunt. Twee stokken voor het beginpunt, \u00e9\u00e9n schuin rechts voor en \u00e9\u00e9n links schuin voor. Hetzelfde geldt voor twee stokken achter het beginpunt, schuin rechts en schuin links. Het betekent eigenlijk dat men wil zien, een binnenbocht en een buitenbocht. Ik was er al bang voor, zodra de riem afgaat is Blaine er vandoor. &#8216;Ha&#8217;, denkt ze &#8216;eindelijk los&#8217;. Maar dit is niet de bedoeling Blaine, we moeten nog een rondje volgen. Aan de riem volgen was al niets en dit is helemaal slecht, toch weet ik aan het einde haar aandacht te trekken, alleen veel te laat. Een dikke 0.<\/p>\n<h4>Vo<img decoding=\"async\" loading=\"lazy\" class=\"size-medium wp-image-5533 alignleft\" src=\"http:\/\/darcyenjune.nl\/wp-content\/uploads\/2016\/08\/sized_008-Oefendag-2016-MJO_8566-bb-450x308.jpg\" alt=\"\" width=\"450\" height=\"308\" srcset=\"https:\/\/darcyenjune.nl\/wp-content\/uploads\/2016\/08\/sized_008-Oefendag-2016-MJO_8566-bb-450x308.jpg 450w, https:\/\/darcyenjune.nl\/wp-content\/uploads\/2016\/08\/sized_008-Oefendag-2016-MJO_8566-bb-548x375.jpg 548w, https:\/\/darcyenjune.nl\/wp-content\/uploads\/2016\/08\/sized_008-Oefendag-2016-MJO_8566-bb.jpg 600w\" sizes=\"(max-width: 450px) 100vw, 450px\" \/>oruit<\/h4>\n<p>Dit<br \/>\nvolgt altijd na het volgen. Blaine is \u00e9\u00e9n en al aandacht, zij wil wel even rennen. Ik geef een &#8216;vooruit&#8217; en weg is ze, ze rent goed vooruit. Ozp grote afstand &#8211; normaal had de keurmeester allang gezegt roep haar maar &#8211;<br \/>\nblijft ze staan en snuffelt, wanneer ze naar me kijkt roep ik: &#8220;vooruit&#8221; en dat doet ze, Blaine draait zich om en rent verder. &#8216;Mag ik haar nu eindelijk roepen&#8217;, denk ik. En ja hoor: &#8220;roep haar maar&#8221;, zegt de keurmeester. Ik roep haar naam en meteen fluit ik, Blaine draait zich om en met een noodvaart &#8211; zo snel dat ik denk die rent me finaal ondersteboven &#8211;<br \/>\nrent ze naar me toe. Ze springt tegen me aan en ik blijf staan. Ik vind dit zo knap van zo&#8217;n jonge hond, meteen omdraaien en komen. De keurmeester denkt er anders over: &#8220;een 6&#8221;. &#8220;Ja?&#8221;, zeg ik tegen hem met verontwaardiging. Hij weet dat ze net 9 maanden is, tuurlijk ze is enthousiast en w<br \/>\nild, maar wat wil je. &#8220;Ze rent als een speer weg &#8211; Maddy rent niet zo weg hoor<br \/>\n(een kleine sneer) &#8211; en meteen komt ze terug&#8221;, werp ik nog tegen. Ik vind het op zijn minst een 7 maar goed, we houden er maar over op.<\/p>\n<h4>Eend uit water<\/h4>\n<p>Blaine zit naast me, riem lichtjes voor haar zodat ze niet inspringt. Het schot klinkt, de eend wordt in het water gegooid, ik zeg &#8220;apport&#8221; en ze stapt het water in. Dit is me nog nooit zo makkelijk gelukt dat een hond die ik train met<img decoding=\"async\" loading=\"lazy\" class=\"size-medium wp-image-5538 alignright\" src=\"http:\/\/darcyenjune.nl\/wp-content\/uploads\/2016\/08\/sized_283-Oefendag-2016-MJO_9997-b-450x308.jpg\" alt=\"\" width=\"450\" height=\"308\" srcset=\"https:\/\/darcyenjune.nl\/wp-content\/uploads\/2016\/08\/sized_283-Oefendag-2016-MJO_9997-b-450x308.jpg 450w, https:\/\/darcyenjune.nl\/wp-content\/uploads\/2016\/08\/sized_283-Oefendag-2016-MJO_9997-b-548x375.jpg 548w, https:\/\/darcyenjune.nl\/wp-content\/uploads\/2016\/08\/sized_283-Oefendag-2016-MJO_9997-b.jpg 600w\" sizes=\"(max-width: 450px) 100vw, 450px\" \/> 9 maanden het water in stapt. Super. Later zeg ik tegen keurmeester Fred: &#8220;valt je niets iets op?&#8221;, &#8220;hmm wat dan antwoord hij&#8221;. &#8220;Ze zwemt&#8221;, &#8220;ja dat is waar, wat goed zeg&#8221;, antwoord Fred. Wanneer Blaine uit het water komt, wil ik haar opvangen, dit lukt niet het is te breed. Waar ik bang v<br \/>\noor was gebeurt, Blaine gaat fijn met eend ererondjes lopen. Ze gooit de eend neer, loopt weer, ik ga er naar toe en dan kan ik het aanpakken. E\u00e9n ding pleit voor haar, ze is niet hard in de bek, aan de eend mankeert niets. Het is wel een 0. Geeft niet, ze heeft de eend super gehaald, alleen de afwerking daar moet hard aan gewerkt worden.<\/p>\n<h4>Verloren zoek<\/h4>\n<p>Blaine gaat als een speer weg, ze loopt hele mooie slagen op de wind in het bos. Ik kan het zien en het is echt genieten, dit heb ik nog niet van haar gezien. Tuurlijk oefen ik, vooral toen ze een pupje was, dat ze het bos goed<br \/>\nmoet afzoeken met slagen en dit is het resultaat. Prachtig. Blaine rent naar een heuvel, ze volgt sporen van andere honden en valplekken. Ze blijft er hangen, ligt de eend daar of moet ze toch verder? Ze rent verder en helaas kan ik het niet meer zien, maar de keurmeester wel. Hij vertelt later dat ze de wind haalt en weer mooie slagen maakt en zo bij de eend komt. Het wachten duurt altijd lang, vooral als je niets meer ziet en er geen invloed op hebt. Ah daar komt ze, met eend? Jazeker met eend en ze geeft het prachtig af, niet meteen zittend, maar wel na het afgeven. De keurmeester is er onderste boven van en Blaine krijgt een 9. Voor mij kan de dag niet meer stuk.<\/p>\n<h4>Kort app<img decoding=\"async\" loading=\"lazy\" class=\"size-medium wp-image-5535 alignleft\" src=\"http:\/\/darcyenjune.nl\/wp-content\/uploads\/2016\/08\/sized_154-Oefendag-2016-MJO_9446-b-450x308.jpg\" alt=\"\" width=\"450\" height=\"308\" srcset=\"https:\/\/darcyenjune.nl\/wp-content\/uploads\/2016\/08\/sized_154-Oefendag-2016-MJO_9446-b-450x308.jpg 450w, https:\/\/darcyenjune.nl\/wp-content\/uploads\/2016\/08\/sized_154-Oefendag-2016-MJO_9446-b-548x375.jpg 548w, https:\/\/darcyenjune.nl\/wp-content\/uploads\/2016\/08\/sized_154-Oefendag-2016-MJO_9446-b.jpg 600w\" sizes=\"(max-width: 450px) 100vw, 450px\" \/>ort konijn<\/h4>\n<p>Blaine rent er heen, snuffelt en likt en snuffelt. Ik geef het commando apport en vast en eindelijk pakt ze het konijn. Ze laat het vallen, likt weer, ik ga er naar toe en ze pakt het weer, laat het weer vallen, enz. Nee dit wordt &#8216;em niet. Een dikke<br \/>\n0.<\/p>\n<h4>Afliggen<\/h4>\n<p>Ik leg Blaine neer en zeg<br \/>\n&#8220;blijf&#8221;, ik loop weg en ga daar staan wat de keurmeester vantevoren aangaf. Ik ben net een seconde weg of Blaine staat al op, nee h\u00e8. Ik probeer het nog een keer, maar het he<br \/>\neft geen zin, weer komt ze achter me aan. Ik wist wel dat dit heel moeilijk zou worden. Het is moeilijk voor te stellen, maar het liefst wil Blaine me in haar buurt. Een 0.<\/p>\n<h4><\/h4>\n<h4><img decoding=\"async\" loading=\"lazy\" class=\"alignright size-medium wp-image-5536\" src=\"http:\/\/darcyenjune.nl\/wp-content\/uploads\/2016\/08\/sized_158-Oefendag-2016-MJO_9471-b-1-450x308.jpg\" alt=\"\" width=\"450\" height=\"308\" srcset=\"https:\/\/darcyenjune.nl\/wp-content\/uploads\/2016\/08\/sized_158-Oefendag-2016-MJO_9471-b-1-450x308.jpg 450w, https:\/\/darcyenjune.nl\/wp-content\/uploads\/2016\/08\/sized_158-Oefendag-2016-MJO_9471-b-1-548x375.jpg 548w, https:\/\/darcyenjune.nl\/wp-content\/uploads\/2016\/08\/sized_158-Oefendag-2016-MJO_9471-b-1.jpg 600w\" sizes=\"(max-width: 450px) 100vw, 450px\" \/><\/h4>\n<h4><\/h4>\n<h4>Markeren<\/h4>\n<p>Blaine markeert heel mooi. Wel is er enige discusie of ik nu een lijnte los voor haar hals mag houden of niet. &#8220;Ik heb het bij June alijd zo gedaan&#8221; werp ik tegen. Er<br \/>\nwordt even overlegd en inderdaad dit mag. Als een speer en in een rechte streep rent ze naar de eend, pakt het en komt terug. Zonder de eend te laten vallen rent ze naar me toe. Wel moeten er een paar ererondjes gelopen worden, de eend mag gezien worden. Helaas is dit niet de bedoeling en het levert een 0 op. Waarom vind ik dit niet erg? Blaine pakt meteen de eend en markeert prima, dit is geweldig. De afwerking komt wel. Er zijn veel honden die niet eens de eend pakken&#8230;&#8230;<\/p>\n<h4>Over water<\/h4>\n<p>Wat doe ik? ga ik op zeker of doe ik gewoon de oefening? Het water is heel breed, zo&#8217;n breed water heeft Blaine nog nooit overgezwommen. Ik ga op zeker en we maken er een oefening van. Dit betekent dat de eend aan de overka<br \/>\nnt opgegooid wordt en ze ziet het vallen. Dit is een hele goede reden voor Blaine om over te zwemmen. Hoe hoort het? Ik stuur Blaine over water en aan de overkant roep ik: &#8220;zoek apport&#8221;. Blaine ziet de eend niet, het ergste kan zijn dat ze geen reden weet om over te zwemmen. De eend wordt aan de overka<img decoding=\"async\" loading=\"lazy\" class=\"size-medium wp-image-5537 alignleft\" src=\"http:\/\/darcyenjune.nl\/wp-content\/uploads\/2016\/08\/sized_277-Oefendag-2016-MJO_9981-b-450x308.jpg\" alt=\"\" width=\"450\" height=\"308\" srcset=\"https:\/\/darcyenjune.nl\/wp-content\/uploads\/2016\/08\/sized_277-Oefendag-2016-MJO_9981-b-450x308.jpg 450w, https:\/\/darcyenjune.nl\/wp-content\/uploads\/2016\/08\/sized_277-Oefendag-2016-MJO_9981-b-548x375.jpg 548w, https:\/\/darcyenjune.nl\/wp-content\/uploads\/2016\/08\/sized_277-Oefendag-2016-MJO_9981-b.jpg 600w\" sizes=\"(max-width: 450px) 100vw, 450px\" \/>nt van het brede water omhoog gegooid, ik wacht even, laat de riem slippen en ik zeg: &#8220;vooruit&#8221;. Blaine stapt zonder aarzelen het water in en zwemt het brede water over, zo mooi en super. Ze pakt de eend, geen getreuzel niets. Op mijn commando: &#8220;hier&#8221;, zwemt Blaine terug. En we hebben weer het bekende ererondje. Super gedaan, heel heel trots. Dit heeft bij mij niet \u00e9\u00e9n hond gedaan, zeker niet op zo&#8217;n jonge leeftijd.<\/p>\n<h4>Conclusie<\/h4>\n<p>De proef heb ik niet gehaald, die illusie had ik ook niet. Blaine blijft niet eens uit zicht liggen. Het was echt een oefendag. Hoe gaat Blaine om met al die mensen en honden, al die groene kleren, spanning, schieten, heel belangrijk allemaal. Blaine was heel vrij en open, druk ook. Ze moet eerst goed ui<br \/>\ntgelaten worden!! Ik heb van haar genoten en de andere mensen ook. Vooral de fotograaf van de Vereniging. Mijn bedoeling was om alleen de C-onderdelen te doen, maar ik heb de B-onderdelen ook gedaan en dat ging nog het best.<\/p>\n<p>&nbsp;<\/p>\n<p>&nbsp;<\/p>\n<p>&nbsp;<\/p>\n","protected":false},"excerpt":{"rendered":"<p>Zaterdag 6 augustus Hoe staat Blaine ervoor? Ik heb voor \u00e9\u00e9n KNJV proef ingeschreven, kan ze het aan of niet? [&hellip;]<\/p>\n","protected":false},"author":1,"featured_media":0,"parent":5546,"menu_order":1,"comment_status":"closed","ping_status":"closed","template":"","meta":[],"_links":{"self":[{"href":"https:\/\/darcyenjune.nl\/index.php?rest_route=\/wp\/v2\/pages\/4971"}],"collection":[{"href":"https:\/\/darcyenjune.nl\/index.php?rest_route=\/wp\/v2\/pages"}],"about":[{"href":"https:\/\/darcyenjune.nl\/index.php?rest_route=\/wp\/v2\/types\/page"}],"author":[{"embeddable":true,"href":"https:\/\/darcyenjune.nl\/index.php?rest_route=\/wp\/v2\/users\/1"}],"replies":[{"embeddable":true,"href":"https:\/\/darcyenjune.nl\/index.php?rest_route=%2Fwp%2Fv2%2Fcomments&post=4971"}],"version-history":[{"count":15,"href":"https:\/\/darcyenjune.nl\/index.php?rest_route=\/wp\/v2\/pages\/4971\/revisions"}],"predecessor-version":[{"id":5544,"href":"https:\/\/darcyenjune.nl\/index.php?rest_route=\/wp\/v2\/pages\/4971\/revisions\/5544"}],"up":[{"embeddable":true,"href":"https:\/\/darcyenjune.nl\/index.php?rest_route=\/wp\/v2\/pages\/5546"}],"wp:attachment":[{"href":"https:\/\/darcyenjune.nl\/index.php?rest_route=%2Fwp%2Fv2%2Fmedia&parent=4971"}],"curies":[{"name":"wp","href":"https:\/\/api.w.org\/{rel}","templated":true}]}}