{"id":3912,"date":"2016-01-28T22:34:14","date_gmt":"2016-01-28T21:34:14","guid":{"rendered":"http:\/\/darcyenjune.nl\/?page_id=3912"},"modified":"2016-12-08T22:07:52","modified_gmt":"2016-12-08T21:07:52","slug":"3912-2","status":"publish","type":"page","link":"https:\/\/darcyenjune.nl\/?page_id=3912","title":{"rendered":"Puppytraining Blaine"},"content":{"rendered":"<h2>Vrijdag 15 januari 2016<img decoding=\"async\" loading=\"lazy\" class=\"alignright size-medium wp-image-3884\" src=\"http:\/\/darcyenjune.nl\/wp-content\/uploads\/2016\/01\/116sized_IMGP3408-314x400.jpg\" alt=\"116sized_IMGP3408\" width=\"314\" height=\"400\" srcset=\"https:\/\/darcyenjune.nl\/wp-content\/uploads\/2016\/01\/116sized_IMGP3408-314x400.jpg 314w, https:\/\/darcyenjune.nl\/wp-content\/uploads\/2016\/01\/116sized_IMGP3408-393x500.jpg 393w, https:\/\/darcyenjune.nl\/wp-content\/uploads\/2016\/01\/116sized_IMGP3408.jpg 550w\" sizes=\"(max-width: 314px) 100vw, 314px\" \/><\/h2>\n<h4>Oude bekende met nieuwe pup<\/h4>\n<p>Wat is dit nu? Staat Patricia op het veld met een puppy Newfoundlander, nou ja zeg. Haar naam is Faithly en ze is 15 weken oud of zo. Wat leuk en vertrouwd, met Patricia heb ik lang samen in de groep gezeten met GG-trainingen van Maddy. Nog een verrassing, want de trainer is Geertje en ook met haar heb ik lang in de GG-groep gezeten met Maddy. Het is koud, echt koud. We gaan eerst de kantine in, Geertje heeft koffie gezet en ze houdt een introductiegesprek en wat ze allemaal wil gaan doen de komende weken. Het ziet er goed uit, ze wil veel verschillende oefeningen met verschillende atributen en ondergronden, zodat de pups veel nieuwe dingen leren.<\/p>\n<p>We doen wat volgoefeningen buiten en proberen achteruit te lopen, Blaine moet mij achterna komen, ik draai en zo kan ik leren om Blaine mooi &#8216;aan de voet&#8217; te laten zitten. We eindigen met een &#8216;hier&#8217;. Geertje houdt Blaine vast, ik loop naar de overkant van het veld, roep: &#8220;Blaine hier&#8221; en daar komt ze aangerend hoor met die korte pootjes. Heerlijk en ze doet het nog goed ook.<\/p>\n<p>De Newfoundler pup, die toch al best groot is &#8211; vindt ze in het begin een beetje eng, maar later zoekt ze toch wat toenadering. We hebben niet zoveel gedaan, we hebben voornamelijk gepraat. Het is een hele kleine groep. Volgende week iets groter, want vandaag was een Retriever ziek.<\/p>\n<p>Heb er zin in.<\/p>\n<h2>Vrijdag 22 januari 2016<\/h2>\n<h4>Gegroeid<\/h4>\n<p>De groep is wat groter geworden gelukkig, nog niet de Golden, maar wel een Bullmastief en een Beagle. Leuke verschillende rassen \u00e9n we hoeven niet te lang te wachten tijdens de oefeningen. <img decoding=\"async\" loading=\"lazy\" class=\"size-medium wp-image-3915 alignleft\" src=\"http:\/\/darcyenjune.nl\/wp-content\/uploads\/2016\/01\/116sized_IMGP3364-500x340.jpg\" alt=\"116sized_IMGP3364\" width=\"500\" height=\"340\" srcset=\"https:\/\/darcyenjune.nl\/wp-content\/uploads\/2016\/01\/116sized_IMGP3364-500x340.jpg 500w, https:\/\/darcyenjune.nl\/wp-content\/uploads\/2016\/01\/116sized_IMGP3364-600x408.jpg 600w, https:\/\/darcyenjune.nl\/wp-content\/uploads\/2016\/01\/116sized_IMGP3364.jpg 700w\" sizes=\"(max-width: 500px) 100vw, 500px\" \/>Weer heb ik onderweg veel regen gehad en gelukkig valt het tijdens de training mee. Het is wel fris voor zo&#8217;n klein korthaartje.<\/p>\n<h4>Pionnen<\/h4>\n<p>Geertje zet pionnen neer en we doen zigzaggend volgoefeningen, met snoepje gaat het heel goed. Op verschillende manieren zet Geertje de pionnen uit, we moeten ook met twee honden tegelijk volgen. Startplek met z&#8217;n twee\u00ebn of de \u00e9\u00e9n aan de ene kant en de ander aan de overkant. Het gaat heel goed.<\/p>\n<h4>\u00a0Verschillende ondergronden<\/h4>\n<p>Geertje heeft ook een pallet omgedraaid neergelegd, hier moeten we overheen. Leuk, want Blaine moet over balkjes stappen en het is een andere ondergrond. Dit heb ik zelf ook al geoefend, door over boomstammen te stappen. Zo&#8217;n pallet heb ik niet, dus die houte ondergrond is nieuw. Ook moet Blain over een normaal neergelegde pallet lopen en erop gaan zitten. Prima gaat het allemaal.<\/p>\n<h4>Hier<\/h4>\n<p>Als afsluiter weer de &#8216;hier&#8217; oefening, we doen het twee keer en de tweede keer vraag ik of de riem eraf mag, anders sleept het zo over de grond en ik denk dat ze toch wel komt. En dat doet ze ook.<\/p>\n<h2>Vrijdag 29 januari 2016<\/h2>\n<h4>Hindernis<\/h4>\n<p>Leuke les, de trainer heeft allerlei hindernissen in de vorm van pionnen met daartussen een stok neergezet met verschillende hoogten. Het is de bedoeling dat de pup goed leert om over verschillende drempels te stappen. Alles is nog laag natuurlijk i.v.m. de botten en gewrichten van de pup. Ook leren we verscillende nieuwe commando&#8217;s zoals &#8216;staan&#8217; en &#8216;om&#8217;. Ook herhalen we de &#8216;zit&#8217; commando en de &#8216;af&#8217; commando. Als afsluiter mag Blaine weer op commando naar mij rennen. De trainer houdt haar vast en ze kan niet wachten om te rennen, eerst moet ze rustig zijn en dan mag ze komen.<\/p>\n<h4>Gegroeid<\/h4>\n<p>Geertje de trainer vindt dat Blaine enorm gegroeid is en dat klopt ook.<\/p>\n<h2><img decoding=\"async\" loading=\"lazy\" class=\"alignright size-medium wp-image-4027\" src=\"http:\/\/darcyenjune.nl\/wp-content\/uploads\/2016\/01\/216sized_IMGP3524-500x340.jpg\" alt=\"216sized_IMGP3524\" width=\"500\" height=\"340\" srcset=\"https:\/\/darcyenjune.nl\/wp-content\/uploads\/2016\/01\/216sized_IMGP3524-500x340.jpg 500w, https:\/\/darcyenjune.nl\/wp-content\/uploads\/2016\/01\/216sized_IMGP3524-600x408.jpg 600w, https:\/\/darcyenjune.nl\/wp-content\/uploads\/2016\/01\/216sized_IMGP3524.jpg 700w\" sizes=\"(max-width: 500px) 100vw, 500px\" \/>Vrijdag 5 februari 2016<\/h2>\n<p>Geen les vanavond, de trainer gaat carnaval vieren. Ik heb er niets mee, maar mijn dorpje staat op zijn kop deze dagen.<\/p>\n<h2>Vrijdag 12 februari<\/h2>\n<p>De trainer heeft allerlei verschillende ondergronden neergelegd, heel creatief. De bedoeling is dat de pup hier overheen loopt. Er ligt een plank, een balanskussen met puntjes, een gladde banlanskussen, een kruk, echt van alles. Heel leuk om te doen en Blaine vindt het ook leuk. Hilarisch is haar reactie als ze op het plastic ding stapt met de stekels.<\/p>\n<h2>\u00a0Vrijdag 19 februari<\/h2>\n<p>Ik heb helaas afgebeld, &#8217;s morgens een behandeling ondergaan en ik merk met de wandeling dat het wandelen nog niet geweldig gaat en ik heb het wel gehad.<\/p>\n<h2>Vrijdag 26 februari<\/h2>\n<p>Geertje is er niet en we hebben Linette, zij pakt het weer heel anders aan. We doen allerleid oefeningen van zit en af, naar voorkomen, aan de voet en aandachtsoefeningen. Ik moet zeggen, Blaine doet het best leuk.<\/p>\n<h2>Vrijdag 4 maart<\/h2>\n<p>Training is afgezegd wegens het slechte veld door al de regen. Ik moet zeggen, het komt me niet eens zo slecht uit.<\/p>\n<h2>Vrijdag 11 maart<\/h2>\n<p>Weer is de training afgezegd wegens ziekte van de trainer. Het gaat niet goed met deze puppytraining, wat veelbelovend begon. Aan mij is gevraagd of ik op de dinsdag kan en ik heb ja gezegd. Niet beseffend dat ik begin april met de jachttraining begin ook op de dinsdag.<\/p>\n<h2>Dinsdag 15 maart<\/h2>\n<p>Nog geen puppytraining<\/p>\n<h2>Dinsdag 22 maart<\/h2>\n<p>Eindelijk hebben we weer een training, dit gaat wel een hele lange cursus worden zo, zonder dat we wat opschieten. Een nieuwe trainer en een goede blijkt al snel. We doen allerlei oefeningen en we krijgen goede tips. Eigenlijk komen alle basis oefeningen aan bod. Het is best hard werken met Blaine om de aandacht vast te houden. Steeds wil ze naar \u00e9\u00e9n van de andere puppen.<\/p>\n<h2>Dinsdag 29 maart<\/h2>\n<p>Voor ons is dit de laaste training, deze hele training loopt uit, we hadden allang klaar moeten zijn. Nu kan ik de laatste les niet meemaken, omdat de jachttraining begint. Wat ik helemaal jammer vindt, ik heb geen diploma\/bewijs van de puppytraining gehad. Ook deze les is leuk en ligt in het verlengde van de vorige. Het commando &#8220;nee&#8221; krijgt aandacht, ik hoop dat ik het nu eindelijk onthou, want het is een zeer nuttige oefening. Echt leuk les gehad van de invalster.<\/p>\n<p>&nbsp;<\/p>\n<p>&nbsp;<\/p>\n","protected":false},"excerpt":{"rendered":"<p>Vrijdag 15 januari 2016 Oude bekende met nieuwe pup Wat is dit nu? Staat Patricia op het veld met een [&hellip;]<\/p>\n","protected":false},"author":1,"featured_media":0,"parent":5478,"menu_order":0,"comment_status":"closed","ping_status":"closed","template":"","meta":[],"_links":{"self":[{"href":"https:\/\/darcyenjune.nl\/index.php?rest_route=\/wp\/v2\/pages\/3912"}],"collection":[{"href":"https:\/\/darcyenjune.nl\/index.php?rest_route=\/wp\/v2\/pages"}],"about":[{"href":"https:\/\/darcyenjune.nl\/index.php?rest_route=\/wp\/v2\/types\/page"}],"author":[{"embeddable":true,"href":"https:\/\/darcyenjune.nl\/index.php?rest_route=\/wp\/v2\/users\/1"}],"replies":[{"embeddable":true,"href":"https:\/\/darcyenjune.nl\/index.php?rest_route=%2Fwp%2Fv2%2Fcomments&post=3912"}],"version-history":[{"count":14,"href":"https:\/\/darcyenjune.nl\/index.php?rest_route=\/wp\/v2\/pages\/3912\/revisions"}],"predecessor-version":[{"id":4364,"href":"https:\/\/darcyenjune.nl\/index.php?rest_route=\/wp\/v2\/pages\/3912\/revisions\/4364"}],"up":[{"embeddable":true,"href":"https:\/\/darcyenjune.nl\/index.php?rest_route=\/wp\/v2\/pages\/5478"}],"wp:attachment":[{"href":"https:\/\/darcyenjune.nl\/index.php?rest_route=%2Fwp%2Fv2%2Fmedia&parent=3912"}],"curies":[{"name":"wp","href":"https:\/\/api.w.org\/{rel}","templated":true}]}}